{"id":8,"date":"2021-04-07T13:05:14","date_gmt":"2021-04-07T13:05:14","guid":{"rendered":"https:\/\/arppaesp.com\/?page_id=8"},"modified":"2024-11-16T17:38:42","modified_gmt":"2024-11-16T17:38:42","slug":"mision-y-vision","status":"publish","type":"page","link":"https:\/\/arppaesp.com\/index.php\/mision-y-vision\/","title":{"rendered":"Misi\u00f3n, Visi\u00f3n y Objetivo"},"content":{"rendered":"\t\t<div data-elementor-type=\"wp-page\" data-elementor-id=\"8\" class=\"elementor elementor-8\" data-elementor-settings=\"[]\">\n\t\t\t\t\t\t\t<div class=\"elementor-section-wrap\">\n\t\t\t\t\t\t\t<section class=\"elementor-section elementor-top-section elementor-element elementor-element-973cf04 elementor-section-boxed elementor-section-height-default elementor-section-height-default\" data-id=\"973cf04\" data-element_type=\"section\" data-settings=\"{&quot;background_background&quot;:&quot;classic&quot;}\">\n\t\t\t\t\t\t\t<div class=\"elementor-background-overlay\"><\/div>\n\t\t\t\t\t\t\t<div class=\"elementor-container elementor-column-gap-default\">\n\t\t\t\t\t<div class=\"elementor-column elementor-col-100 elementor-top-column elementor-element elementor-element-9541945\" data-id=\"9541945\" data-element_type=\"column\">\n\t\t\t<div class=\"elementor-widget-wrap elementor-element-populated\">\n\t\t\t\t\t\t\t\t<div class=\"elementor-element elementor-element-b5ee0d6 elementor-widget elementor-widget-heading\" data-id=\"b5ee0d6\" data-element_type=\"widget\" data-widget_type=\"heading.default\">\n\t\t\t\t<div class=\"elementor-widget-container\">\n\t\t\t<h1 class=\"elementor-heading-title elementor-size-xl\">MISI\u00d3N<\/h1>\t\t<\/div>\n\t\t\t\t<\/div>\n\t\t\t\t\t<\/div>\n\t\t<\/div>\n\t\t\t\t\t\t\t<\/div>\n\t\t<\/section>\n\t\t\t\t<section class=\"elementor-section elementor-top-section elementor-element elementor-element-d60e3b1 elementor-section-boxed elementor-section-height-default elementor-section-height-default\" data-id=\"d60e3b1\" data-element_type=\"section\">\n\t\t\t\t\t\t<div class=\"elementor-container elementor-column-gap-default\">\n\t\t\t\t\t<div class=\"elementor-column elementor-col-100 elementor-top-column elementor-element elementor-element-1f5b4624\" data-id=\"1f5b4624\" data-element_type=\"column\">\n\t\t\t<div class=\"elementor-widget-wrap elementor-element-populated\">\n\t\t\t\t\t\t\t\t<div class=\"elementor-element elementor-element-59b33d8b elementor-widget elementor-widget-text-editor\" data-id=\"59b33d8b\" data-element_type=\"widget\" data-widget_type=\"text-editor.default\">\n\t\t\t\t<div class=\"elementor-widget-container\">\n\t\t\t\t\t<div class=\"elementor-text-editor elementor-clearfix\"><p>Es misi\u00f3n de LA ASOCIACION DE RECICLADORES PROTECTORES Y PROMOTORES AMBIENTALES ARPPA \u00a0ser una entidad prestadora de servicios p\u00fablicos de aseo, que realice la prestaci\u00f3n eficiente a toda la poblaci\u00f3n del \u00c1rea de prestaci\u00f3n del servicio con continuidad, calidad y cobertura, garantizando la participaci\u00f3n activa de los usuarios y de sus trabajadores en la gesti\u00f3n de la prestaci\u00f3n del servicio, fomentando pr\u00e1cticas de consumo sostenible, capacitando a los generadores de residuos s\u00f3lidos y a los recicladores, promoviendo el reciclaje y creando conciencia de la preservaci\u00f3n del medio ambiente, para hacer buen uso del material aprovechable en el transporte y valorizaci\u00f3n del mismo para uso industrial.<\/p><\/div>\n\t\t\t\t<\/div>\n\t\t\t\t<\/div>\n\t\t\t\t<div class=\"elementor-element elementor-element-3bcdcb6 elementor-widget elementor-widget-spacer\" data-id=\"3bcdcb6\" data-element_type=\"widget\" data-widget_type=\"spacer.default\">\n\t\t\t\t<div class=\"elementor-widget-container\">\n\t\t\t\t\t<div class=\"elementor-spacer\">\n\t\t\t<div class=\"elementor-spacer-inner\"><\/div>\n\t\t<\/div>\n\t\t\t\t<\/div>\n\t\t\t\t<\/div>\n\t\t\t\t\t<\/div>\n\t\t<\/div>\n\t\t\t\t\t\t\t<\/div>\n\t\t<\/section>\n\t\t\t\t<section class=\"elementor-section elementor-top-section elementor-element elementor-element-4a91116 elementor-section-boxed elementor-section-height-default elementor-section-height-default\" data-id=\"4a91116\" data-element_type=\"section\" data-settings=\"{&quot;background_background&quot;:&quot;classic&quot;}\">\n\t\t\t\t\t\t\t<div class=\"elementor-background-overlay\"><\/div>\n\t\t\t\t\t\t\t<div class=\"elementor-container elementor-column-gap-default\">\n\t\t\t\t\t<div class=\"elementor-column elementor-col-100 elementor-top-column elementor-element elementor-element-6a3ed64\" data-id=\"6a3ed64\" data-element_type=\"column\">\n\t\t\t<div class=\"elementor-widget-wrap elementor-element-populated\">\n\t\t\t\t\t\t\t\t<div class=\"elementor-element elementor-element-b73dc12 elementor-widget elementor-widget-heading\" data-id=\"b73dc12\" data-element_type=\"widget\" data-widget_type=\"heading.default\">\n\t\t\t\t<div class=\"elementor-widget-container\">\n\t\t\t<h1 class=\"elementor-heading-title elementor-size-xl\">VISI\u00d3N<\/h1>\t\t<\/div>\n\t\t\t\t<\/div>\n\t\t\t\t\t<\/div>\n\t\t<\/div>\n\t\t\t\t\t\t\t<\/div>\n\t\t<\/section>\n\t\t\t\t<section class=\"elementor-section elementor-top-section elementor-element elementor-element-bc2234d elementor-section-boxed elementor-section-height-default elementor-section-height-default\" data-id=\"bc2234d\" data-element_type=\"section\">\n\t\t\t\t\t\t<div class=\"elementor-container elementor-column-gap-default\">\n\t\t\t\t\t<div class=\"elementor-column elementor-col-100 elementor-top-column elementor-element elementor-element-a650a3c\" data-id=\"a650a3c\" data-element_type=\"column\">\n\t\t\t<div class=\"elementor-widget-wrap elementor-element-populated\">\n\t\t\t\t\t\t\t\t<div class=\"elementor-element elementor-element-15d2641 elementor-widget elementor-widget-text-editor\" data-id=\"15d2641\" data-element_type=\"widget\" data-widget_type=\"text-editor.default\">\n\t\t\t\t<div class=\"elementor-widget-container\">\n\t\t\t\t\t<div class=\"elementor-text-editor elementor-clearfix\"><p>Para el a\u00f1o 2022 ARPPA, quiere ser una entidad formalizada como Empresa de servicios p\u00fablicos reconocida a nivel local, que maneje eficaz e integralmente residuos aprovechables, fomentando en los usuarios el uso adecuado del reciclaje y dignificando el trabajo de los recuperadores de material.<\/p><\/div>\n\t\t\t\t<\/div>\n\t\t\t\t<\/div>\n\t\t\t\t<div class=\"elementor-element elementor-element-e88beab elementor-widget elementor-widget-spacer\" data-id=\"e88beab\" data-element_type=\"widget\" data-widget_type=\"spacer.default\">\n\t\t\t\t<div class=\"elementor-widget-container\">\n\t\t\t\t\t<div class=\"elementor-spacer\">\n\t\t\t<div class=\"elementor-spacer-inner\"><\/div>\n\t\t<\/div>\n\t\t\t\t<\/div>\n\t\t\t\t<\/div>\n\t\t\t\t\t<\/div>\n\t\t<\/div>\n\t\t\t\t\t\t\t<\/div>\n\t\t<\/section>\n\t\t\t\t<section class=\"elementor-section elementor-top-section elementor-element elementor-element-66540eb elementor-section-boxed elementor-section-height-default elementor-section-height-default\" data-id=\"66540eb\" data-element_type=\"section\">\n\t\t\t\t\t\t<div class=\"elementor-container elementor-column-gap-default\">\n\t\t\t\t\t<div class=\"elementor-column elementor-col-100 elementor-top-column elementor-element elementor-element-1b7756b\" data-id=\"1b7756b\" data-element_type=\"column\">\n\t\t\t<div class=\"elementor-widget-wrap elementor-element-populated\">\n\t\t\t\t\t\t\t\t<div class=\"elementor-element elementor-element-f01d471 elementor-widget elementor-widget-image\" data-id=\"f01d471\" data-element_type=\"widget\" data-widget_type=\"image.default\">\n\t\t\t\t<div class=\"elementor-widget-container\">\n\t\t\t\t\t<div class=\"elementor-image\">\n\t\t\t\t\t\t\t\t\t\t<img loading=\"lazy\" decoding=\"async\" width=\"800\" height=\"251\" src=\"https:\/\/arppaesp.com\/wp-content\/uploads\/2024\/11\/obj-1024x321.webp\" class=\"attachment-large size-large\" alt=\"\" srcset=\"https:\/\/arppaesp.com\/wp-content\/uploads\/2024\/11\/obj-1024x321.webp 1024w, https:\/\/arppaesp.com\/wp-content\/uploads\/2024\/11\/obj-300x94.webp 300w, https:\/\/arppaesp.com\/wp-content\/uploads\/2024\/11\/obj-768x241.webp 768w, https:\/\/arppaesp.com\/wp-content\/uploads\/2024\/11\/obj-1536x482.webp 1536w, https:\/\/arppaesp.com\/wp-content\/uploads\/2024\/11\/obj.webp 1600w\" sizes=\"auto, (max-width: 800px) 100vw, 800px\" \/>\t\t\t\t\t\t\t\t\t\t\t<\/div>\n\t\t\t\t<\/div>\n\t\t\t\t<\/div>\n\t\t\t\t\t<\/div>\n\t\t<\/div>\n\t\t\t\t\t\t\t<\/div>\n\t\t<\/section>\n\t\t\t\t<section class=\"elementor-section elementor-top-section elementor-element elementor-element-1ab969b elementor-section-boxed elementor-section-height-default elementor-section-height-default\" data-id=\"1ab969b\" data-element_type=\"section\">\n\t\t\t\t\t\t<div class=\"elementor-container elementor-column-gap-default\">\n\t\t\t\t\t<div class=\"elementor-column elementor-col-100 elementor-top-column elementor-element elementor-element-c5450d5\" data-id=\"c5450d5\" data-element_type=\"column\">\n\t\t\t<div class=\"elementor-widget-wrap elementor-element-populated\">\n\t\t\t\t\t\t\t\t<div class=\"elementor-element elementor-element-dc88f40 elementor-widget elementor-widget-text-editor\" data-id=\"dc88f40\" data-element_type=\"widget\" data-widget_type=\"text-editor.default\">\n\t\t\t\t<div class=\"elementor-widget-container\">\n\t\t\t\t\t<div class=\"elementor-text-editor elementor-clearfix\"><p><span lang=\"ES-MX\" style=\"font-size: 12.0pt; line-height: 107%; font-family: 'Arial',sans-serif;\">ARPPA tiene como objeto fundamental la prestaci\u00f3n del servicio p\u00fablico\u00a0 de Aseo\u00a0 especialmente en la recolecci\u00f3n ,clasificaci\u00f3n, transporte, bodegaje ,reutilizaci\u00f3n y comercio destac\u00e1ndonos\u00a0 en el aprovechamiento y reciclaje ;est\u00e1 comprometida en trabajar de la mano con los recicladores de oficio vinculados a la UAESP y amparados bajo el decreto 596 de 2016 Y junto con la comunidad recicladora que a\u00fan no est\u00e1n vinculados a dicha entidad, pero una vez sea habilitado el proceso de inscripci\u00f3n de recicladores ante la mencionada entidad reanudaremos las inscripciones y de esta manera garantizaremos la prestaci\u00f3n del servicio con mayor efectividad.<\/span><\/p><\/div>\n\t\t\t\t<\/div>\n\t\t\t\t<\/div>\n\t\t\t\t\t<\/div>\n\t\t<\/div>\n\t\t\t\t\t\t\t<\/div>\n\t\t<\/section>\n\t\t\t\t\t\t<\/div>\n\t\t\t\t\t<\/div>\n\t\t","protected":false},"excerpt":{"rendered":"<p>MISI\u00d3N Es misi\u00f3n de LA ASOCIACION DE RECICLADORES PROTECTORES Y PROMOTORES AMBIENTALES ARPPA \u00a0ser una entidad prestadora de servicios p\u00fablicos de aseo, que realice la prestaci\u00f3n eficiente a toda la poblaci\u00f3n del \u00c1rea de prestaci\u00f3n del servicio con continuidad, calidad y cobertura, garantizando la participaci\u00f3n activa de los usuarios y de sus trabajadores en la gesti\u00f3n de la prestaci\u00f3n del servicio, fomentando pr\u00e1cticas de consumo sostenible, capacitando a los generadores de residuos s\u00f3lidos y a los recicladores, promoviendo el reciclaje y creando conciencia de la preservaci\u00f3n del medio ambiente, para hacer buen uso del material aprovechable en el transporte y valorizaci\u00f3n del mismo para uso industrial. VISI\u00d3N Para el a\u00f1o 2022 ARPPA, quiere ser una entidad formalizada como Empresa de servicios p\u00fablicos reconocida a nivel local, que maneje eficaz e integralmente residuos aprovechables, fomentando en los usuarios el uso adecuado del reciclaje y dignificando el trabajo de los recuperadores de&hellip;<\/p>\n<p> <a class=\"more-link\" href=\"https:\/\/arppaesp.com\/index.php\/mision-y-vision\/\">Leer m\u00e1s<\/a><\/p>\n","protected":false},"author":1,"featured_media":0,"parent":0,"menu_order":0,"comment_status":"closed","ping_status":"closed","template":"elementor_header_footer","meta":{"om_disable_all_campaigns":false,"_monsterinsights_skip_tracking":false,"_monsterinsights_sitenote_active":false,"_monsterinsights_sitenote_note":"","_monsterinsights_sitenote_category":0,"footnotes":""},"class_list":["post-8","page","type-page","status-publish"],"_links":{"self":[{"href":"https:\/\/arppaesp.com\/index.php\/wp-json\/wp\/v2\/pages\/8","targetHints":{"allow":["GET"]}}],"collection":[{"href":"https:\/\/arppaesp.com\/index.php\/wp-json\/wp\/v2\/pages"}],"about":[{"href":"https:\/\/arppaesp.com\/index.php\/wp-json\/wp\/v2\/types\/page"}],"author":[{"embeddable":true,"href":"https:\/\/arppaesp.com\/index.php\/wp-json\/wp\/v2\/users\/1"}],"replies":[{"embeddable":true,"href":"https:\/\/arppaesp.com\/index.php\/wp-json\/wp\/v2\/comments?post=8"}],"version-history":[{"count":26,"href":"https:\/\/arppaesp.com\/index.php\/wp-json\/wp\/v2\/pages\/8\/revisions"}],"predecessor-version":[{"id":253,"href":"https:\/\/arppaesp.com\/index.php\/wp-json\/wp\/v2\/pages\/8\/revisions\/253"}],"wp:attachment":[{"href":"https:\/\/arppaesp.com\/index.php\/wp-json\/wp\/v2\/media?parent=8"}],"curies":[{"name":"wp","href":"https:\/\/api.w.org\/{rel}","templated":true}]}}